{"id":1508,"date":"2026-02-22T16:21:32","date_gmt":"2026-02-22T15:21:32","guid":{"rendered":"https:\/\/sicai.webmapp.it\/organizza-il-viaggio\/"},"modified":"2026-02-22T16:23:44","modified_gmt":"2026-02-22T15:23:44","slug":"plane-deine-reise","status":"publish","type":"page","link":"https:\/\/sicai.webmapp.it\/de\/plane-deine-reise\/","title":{"rendered":"Plane deine Reise"},"content":{"rendered":"<p>[vc_row full_width=&#8220;stretch_row_content&#8220; css=&#8220;.vc_custom_1636759294827{margin-top: 30px !important;}&#8220;][vc_column][vc_row_inner equal_height=&#8220;yes&#8220;][vc_column_inner el_class=&#8220;blocco_immagine&#8220; width=&#8220;1\/2&#8243; css=&#8220;.vc_custom_1771773676876{background-image: url(https:\/\/sicai.webmapp.it\/wp-content\/uploads\/2021\/12\/Sentiero-Italia-Leonessa_Cittareale-Foto-Enrico-Ferri-018.jpg?id=638) !important;background-position: center !important;background-repeat: no-repeat !important;background-size: cover !important;}&#8220;][\/vc_column_inner][vc_column_inner el_class=&#8220;blocco_testo&#8220; width=&#8220;1\/2&#8243;][vc_column_text]<\/p>\n<p class=\"p1\">Die Begehung des Sentiero Italia CAI erfordert eine sorgf\u00e4ltige Planung, um jede Etappe zu einer sicheren und unvergesslichen Erfahrung zu machen. Dieser Bereich bietet alle notwendigen Werkzeuge, um sich optimal auf die bevorstehenden Etappen vorzubereiten.<\/p>\n<p class=\"p1\">Von der Wahl der technischen Kleidung bis zur Auswahl der unverzichtbaren Ausr\u00fcstung ist jedes Detail darauf ausgelegt, Komfort und Sicherheit zu vereinen. Du kannst die Karte der akkreditierten Unterk\u00fcnfte und Dienstleistungen einsehen, um ideale Rastpunkte zu finden. Ebenfalls grundlegend ist der Wanderpass, das offizielle Dokument, das den zur\u00fcckgelegten Weg durch die in H\u00fctten und akkreditierten Einrichtungen gesammelten Stempel best\u00e4tigt.<\/p>\n<p class=\"p1\">Ob kurze Abschnitte oder die gesamte Route \u2013 eine gr\u00fcndliche Vorbereitung ist der erste Schritt, um die Berge verantwortungsvoll und bewusst zu erleben.<\/p>\n<p>[\/vc_column_text][\/vc_column_inner][\/vc_row_inner][\/vc_column][\/vc_row][vc_row][vc_column css=&#8220;.vc_custom_1771766274745{margin-top: 50px !important;margin-bottom: 50px !important;}&#8220;][ts_child_pages][\/vc_column][\/vc_row]<\/p>\n","protected":false},"excerpt":{"rendered":"<p>[vc_row full_width=&#8220;stretch_row_content&#8220; css=&#8220;.vc_custom_1636759294827{margin-top: 30px !important;}&#8220;][vc_column][vc_row_inner equal_height=&#8220;yes&#8220;][vc_column_inner el_class=&#8220;blocco_immagine&#8220; width=&#8220;1\/2&#8243; css=&#8220;.vc_custom_1771773676876{background-image: url(https:\/\/sicai.webmapp.it\/wp-content\/uploads\/2021\/12\/Sentiero-Italia-Leonessa_Cittareale-Foto-Enrico-Ferri-018.jpg?id=638) !important;background-position: center !important;background-repeat: no-repeat !important;background-size: cover !important;}&#8220;][\/vc_column_inner][vc_column_inner el_class=&#8220;blocco_testo&#8220; width=&#8220;1\/2&#8243;][vc_column_text] Die Begehung des Sentiero Italia CAI erfordert eine sorgf\u00e4ltige Planung, um [&hellip;]<\/p>\n","protected":false},"author":9,"featured_media":0,"parent":0,"menu_order":0,"comment_status":"closed","ping_status":"closed","template":"","meta":{"footnotes":""},"class_list":["post-1508","page","type-page","status-publish","hentry"],"yoast_head":"<!-- This site is optimized with the Yoast SEO plugin v26.7 - https:\/\/yoast.com\/wordpress\/plugins\/seo\/ -->\n<title>Plane deine Reise - Sentiero Italia Cai<\/title>\n<meta name=\"robots\" content=\"index, follow, max-snippet:-1, max-image-preview:large, max-video-preview:-1\" \/>\n<link rel=\"canonical\" href=\"https:\/\/sicai.webmapp.it\/de\/plane-deine-reise\/\" \/>\n<meta property=\"og:locale\" content=\"de_DE\" \/>\n<meta property=\"og:type\" content=\"article\" \/>\n<meta property=\"og:title\" content=\"Plane deine Reise - Sentiero Italia Cai\" \/>\n<meta property=\"og:description\" content=\"[vc_row full_width=&#8220;stretch_row_content&#8220; css=&#8220;.vc_custom_1636759294827{margin-top: 30px !important;}&#8220;][vc_column][vc_row_inner equal_height=&#8220;yes&#8220;][vc_column_inner el_class=&#8220;blocco_immagine&#8220; width=&#8220;1\/2&#8243; css=&#8220;.vc_custom_1771773676876{background-image: url(https:\/\/sicai.webmapp.it\/wp-content\/uploads\/2021\/12\/Sentiero-Italia-Leonessa_Cittareale-Foto-Enrico-Ferri-018.jpg?id=638) !important;background-position: center !important;background-repeat: no-repeat !important;background-size: cover !important;}&#8220;][\/vc_column_inner][vc_column_inner el_class=&#8220;blocco_testo&#8220; width=&#8220;1\/2&#8243;][vc_column_text] Die Begehung des Sentiero Italia CAI erfordert eine sorgf\u00e4ltige Planung, um [&hellip;]\" \/>\n<meta property=\"og:url\" content=\"https:\/\/sicai.webmapp.it\/de\/plane-deine-reise\/\" \/>\n<meta property=\"og:site_name\" content=\"Sentiero Italia Cai\" \/>\n<meta property=\"article:publisher\" content=\"https:\/\/www.facebook.com\/sentieroitaliacai\" \/>\n<meta property=\"article:modified_time\" content=\"2026-02-22T15:23:44+00:00\" \/>\n<meta name=\"twitter:card\" content=\"summary_large_image\" \/>\n<meta name=\"twitter:label1\" content=\"Gesch\u00e4tzte Lesezeit\" \/>\n\t<meta name=\"twitter:data1\" content=\"1\u00a0Minute\" \/>\n<script type=\"application\/ld+json\" class=\"yoast-schema-graph\">{\"@context\":\"https:\/\/schema.org\",\"@graph\":[{\"@type\":\"WebPage\",\"@id\":\"https:\/\/sicai.webmapp.it\/de\/plane-deine-reise\/\",\"url\":\"https:\/\/sicai.webmapp.it\/de\/plane-deine-reise\/\",\"name\":\"Plane deine Reise - Sentiero Italia Cai\",\"isPartOf\":{\"@id\":\"https:\/\/sicai.webmapp.it\/#website\"},\"datePublished\":\"2026-02-22T15:21:32+00:00\",\"dateModified\":\"2026-02-22T15:23:44+00:00\",\"breadcrumb\":{\"@id\":\"https:\/\/sicai.webmapp.it\/de\/plane-deine-reise\/#breadcrumb\"},\"inLanguage\":\"de\",\"potentialAction\":[{\"@type\":\"ReadAction\",\"target\":[\"https:\/\/sicai.webmapp.it\/de\/plane-deine-reise\/\"]}]},{\"@type\":\"BreadcrumbList\",\"@id\":\"https:\/\/sicai.webmapp.it\/de\/plane-deine-reise\/#breadcrumb\",\"itemListElement\":[{\"@type\":\"ListItem\",\"position\":1,\"name\":\"Home\",\"item\":\"https:\/\/sicai.webmapp.it\/de\/\"},{\"@type\":\"ListItem\",\"position\":2,\"name\":\"Plane deine Reise\"}]},{\"@type\":\"WebSite\",\"@id\":\"https:\/\/sicai.webmapp.it\/#website\",\"url\":\"https:\/\/sicai.webmapp.it\/\",\"name\":\"Sentiero Italia Cai\",\"description\":\"\",\"publisher\":{\"@id\":\"https:\/\/sicai.webmapp.it\/#organization\"},\"potentialAction\":[{\"@type\":\"SearchAction\",\"target\":{\"@type\":\"EntryPoint\",\"urlTemplate\":\"https:\/\/sicai.webmapp.it\/?s={search_term_string}\"},\"query-input\":{\"@type\":\"PropertyValueSpecification\",\"valueRequired\":true,\"valueName\":\"search_term_string\"}}],\"inLanguage\":\"de\"},{\"@type\":\"Organization\",\"@id\":\"https:\/\/sicai.webmapp.it\/#organization\",\"name\":\"Sentiero Italia Cai\",\"url\":\"https:\/\/sicai.webmapp.it\/\",\"logo\":{\"@type\":\"ImageObject\",\"inLanguage\":\"de\",\"@id\":\"https:\/\/sicai.webmapp.it\/#\/schema\/logo\/image\/\",\"url\":\"https:\/\/sicai.webmapp.it\/wp-content\/uploads\/2021\/09\/cropped-logo-sito.png\",\"contentUrl\":\"https:\/\/sicai.webmapp.it\/wp-content\/uploads\/2021\/09\/cropped-logo-sito.png\",\"width\":512,\"height\":512,\"caption\":\"Sentiero Italia Cai\"},\"image\":{\"@id\":\"https:\/\/sicai.webmapp.it\/#\/schema\/logo\/image\/\"},\"sameAs\":[\"https:\/\/www.facebook.com\/sentieroitaliacai\",\"https:\/\/www.instagram.com\/sentieroitaliacai\/\",\"https:\/\/youtube.com\/c\/SentieroItaliaCAI\"]}]}<\/script>\n<!-- \/ Yoast SEO plugin. -->","yoast_head_json":{"title":"Plane deine Reise - Sentiero Italia Cai","robots":{"index":"index","follow":"follow","max-snippet":"max-snippet:-1","max-image-preview":"max-image-preview:large","max-video-preview":"max-video-preview:-1"},"canonical":"https:\/\/sicai.webmapp.it\/de\/plane-deine-reise\/","og_locale":"de_DE","og_type":"article","og_title":"Plane deine Reise - Sentiero Italia Cai","og_description":"[vc_row full_width=&#8220;stretch_row_content&#8220; css=&#8220;.vc_custom_1636759294827{margin-top: 30px !important;}&#8220;][vc_column][vc_row_inner equal_height=&#8220;yes&#8220;][vc_column_inner el_class=&#8220;blocco_immagine&#8220; width=&#8220;1\/2&#8243; css=&#8220;.vc_custom_1771773676876{background-image: url(https:\/\/sicai.webmapp.it\/wp-content\/uploads\/2021\/12\/Sentiero-Italia-Leonessa_Cittareale-Foto-Enrico-Ferri-018.jpg?id=638) !important;background-position: center !important;background-repeat: no-repeat !important;background-size: cover !important;}&#8220;][\/vc_column_inner][vc_column_inner el_class=&#8220;blocco_testo&#8220; width=&#8220;1\/2&#8243;][vc_column_text] Die Begehung des Sentiero Italia CAI erfordert eine sorgf\u00e4ltige Planung, um [&hellip;]","og_url":"https:\/\/sicai.webmapp.it\/de\/plane-deine-reise\/","og_site_name":"Sentiero Italia Cai","article_publisher":"https:\/\/www.facebook.com\/sentieroitaliacai","article_modified_time":"2026-02-22T15:23:44+00:00","twitter_card":"summary_large_image","twitter_misc":{"Gesch\u00e4tzte Lesezeit":"1\u00a0Minute"},"schema":{"@context":"https:\/\/schema.org","@graph":[{"@type":"WebPage","@id":"https:\/\/sicai.webmapp.it\/de\/plane-deine-reise\/","url":"https:\/\/sicai.webmapp.it\/de\/plane-deine-reise\/","name":"Plane deine Reise - Sentiero Italia Cai","isPartOf":{"@id":"https:\/\/sicai.webmapp.it\/#website"},"datePublished":"2026-02-22T15:21:32+00:00","dateModified":"2026-02-22T15:23:44+00:00","breadcrumb":{"@id":"https:\/\/sicai.webmapp.it\/de\/plane-deine-reise\/#breadcrumb"},"inLanguage":"de","potentialAction":[{"@type":"ReadAction","target":["https:\/\/sicai.webmapp.it\/de\/plane-deine-reise\/"]}]},{"@type":"BreadcrumbList","@id":"https:\/\/sicai.webmapp.it\/de\/plane-deine-reise\/#breadcrumb","itemListElement":[{"@type":"ListItem","position":1,"name":"Home","item":"https:\/\/sicai.webmapp.it\/de\/"},{"@type":"ListItem","position":2,"name":"Plane deine Reise"}]},{"@type":"WebSite","@id":"https:\/\/sicai.webmapp.it\/#website","url":"https:\/\/sicai.webmapp.it\/","name":"Sentiero Italia Cai","description":"","publisher":{"@id":"https:\/\/sicai.webmapp.it\/#organization"},"potentialAction":[{"@type":"SearchAction","target":{"@type":"EntryPoint","urlTemplate":"https:\/\/sicai.webmapp.it\/?s={search_term_string}"},"query-input":{"@type":"PropertyValueSpecification","valueRequired":true,"valueName":"search_term_string"}}],"inLanguage":"de"},{"@type":"Organization","@id":"https:\/\/sicai.webmapp.it\/#organization","name":"Sentiero Italia Cai","url":"https:\/\/sicai.webmapp.it\/","logo":{"@type":"ImageObject","inLanguage":"de","@id":"https:\/\/sicai.webmapp.it\/#\/schema\/logo\/image\/","url":"https:\/\/sicai.webmapp.it\/wp-content\/uploads\/2021\/09\/cropped-logo-sito.png","contentUrl":"https:\/\/sicai.webmapp.it\/wp-content\/uploads\/2021\/09\/cropped-logo-sito.png","width":512,"height":512,"caption":"Sentiero Italia Cai"},"image":{"@id":"https:\/\/sicai.webmapp.it\/#\/schema\/logo\/image\/"},"sameAs":["https:\/\/www.facebook.com\/sentieroitaliacai","https:\/\/www.instagram.com\/sentieroitaliacai\/","https:\/\/youtube.com\/c\/SentieroItaliaCAI"]}]}},"_links":{"self":[{"href":"https:\/\/sicai.webmapp.it\/de\/wp-json\/wp\/v2\/pages\/1508","targetHints":{"allow":["GET"]}}],"collection":[{"href":"https:\/\/sicai.webmapp.it\/de\/wp-json\/wp\/v2\/pages"}],"about":[{"href":"https:\/\/sicai.webmapp.it\/de\/wp-json\/wp\/v2\/types\/page"}],"author":[{"embeddable":true,"href":"https:\/\/sicai.webmapp.it\/de\/wp-json\/wp\/v2\/users\/9"}],"replies":[{"embeddable":true,"href":"https:\/\/sicai.webmapp.it\/de\/wp-json\/wp\/v2\/comments?post=1508"}],"version-history":[{"count":1,"href":"https:\/\/sicai.webmapp.it\/de\/wp-json\/wp\/v2\/pages\/1508\/revisions"}],"predecessor-version":[{"id":1510,"href":"https:\/\/sicai.webmapp.it\/de\/wp-json\/wp\/v2\/pages\/1508\/revisions\/1510"}],"wp:attachment":[{"href":"https:\/\/sicai.webmapp.it\/de\/wp-json\/wp\/v2\/media?parent=1508"}],"curies":[{"name":"wp","href":"https:\/\/api.w.org\/{rel}","templated":true}]}}