{"id":1521,"date":"2026-02-22T16:36:21","date_gmt":"2026-02-22T15:36:21","guid":{"rendered":"https:\/\/sicai.webmapp.it\/plane-deine-reise\/pronti-per-partire\/"},"modified":"2026-02-22T16:44:45","modified_gmt":"2026-02-22T15:44:45","slug":"bereit-zum-aufbruch","status":"publish","type":"page","link":"https:\/\/sicai.webmapp.it\/de\/plane-deine-reise\/bereit-zum-aufbruch\/","title":{"rendered":"Bereit zum Aufbruch"},"content":{"rendered":"<p>[vc_row full_width=&#8220;stretch_row_content&#8220; css=&#8220;.vc_custom_1636759294827{margin-top: 30px !important;}&#8220;][vc_column][vc_row_inner equal_height=&#8220;yes&#8220;][vc_column_inner el_class=&#8220;blocco_immagine&#8220; width=&#8220;1\/2&#8243; css=&#8220;.vc_custom_1771774353686{background-image: url(https:\/\/sicai.webmapp.it\/wp-content\/uploads\/2021\/12\/Sentiero-Italia-Leonessa_Cittareale-Foto-Enrico-Ferri-018.jpg?id=638) !important;background-position: center !important;background-repeat: no-repeat !important;background-size: cover !important;}&#8220;][\/vc_column_inner][vc_column_inner el_class=&#8220;blocco_testo&#8220; width=&#8220;1\/2&#8243;][vc_column_text]<\/p>\n<h2 class=\"p1\">Bekleidung<\/h2>\n<p class=\"p3\">Die 8.000 km des Sentiero Italia CAI erfordern Vielseitigkeit. Die goldene Regel ist das \u201eZwiebelprinzip\u201c: drei aufeinander abgestimmte Schichten, um jede Wetterver\u00e4nderung zu bew\u00e4ltigen. Beginne mit einer atmungsaktiven Basisschicht aus Merinowolle oder technischem Synthetikmaterial, die die Haut trocken h\u00e4lt. Die mittlere Schicht, etwa ein leichter Fleece oder eine d\u00fcnne Daunenjacke, sorgt f\u00fcr W\u00e4rmeisolierung, indem sie die K\u00f6rperw\u00e4rme speichert. Schlie\u00dflich muss die \u00e4u\u00dfere Schutzschicht (Gore-Tex oder vergleichbar) wasserdicht und winddicht sein, um vor Witterungseinfl\u00fcssen zu sch\u00fctzen. Spezielle reibungsarme Socken und gut eingelaufene Wanderschuhe d\u00fcrfen nicht fehlen: Die Pflege der F\u00fc\u00dfe ist der erste Schritt zum Gelingen der Tour. Bewusstes Ankleiden bedeutet, Komfort in Sicherheit zu verwandeln und dem K\u00f6rper zu erm\u00f6glichen, sich dynamisch an H\u00f6henunterschiede und Gel\u00e4ndewechsel anzupassen.<\/p>\n<p>[\/vc_column_text][\/vc_column_inner][\/vc_row_inner][\/vc_column][\/vc_row][vc_row full_width=&#8220;stretch_row_content&#8220; css=&#8220;.vc_custom_1636759294827{margin-top: 30px !important;}&#8220;][vc_column][vc_row_inner equal_height=&#8220;yes&#8220;][vc_column_inner el_class=&#8220;blocco_testo&#8220; width=&#8220;1\/2&#8243;][vc_column_text]<\/p>\n<h2 class=\"p1\">Ausr\u00fcstung und Sicherheit: das Wesentliche im Rucksack<\/h2>\n<p class=\"p3\">Ein gut ausbalancierter Rucksack ist der beste Begleiter auf deiner Reise. F\u00fcr die Etappen des SICAI sollte das Gewicht begrenzt, aber vollst\u00e4ndig sein: Erste-Hilfe-Set, eine geladene Stirnlampe und ausreichend Wasservorrat sind unverzichtbar. Auch die Technik steht im Dienst der Sicherheit: Neben der gedruckten Wanderkarte wird die Nutzung der <strong>GeoResQ-App<\/strong>, verwaltet vom CNSAS und auf dem Smartphone f\u00fcr Tracking und Notf\u00e4lle installiert, dringend empfohlen. Trekkingst\u00f6cke sind wertvolle Helfer, um die Gelenke zu entlasten, besonders in technisch anspruchsvolleren Abschnitten. Denke auch an eine Powerbank, eine Signalpfeife und eine Rettungsdecke. Den Rucksack sorgf\u00e4ltig vorzubereiten ist nicht nur eine logistische Notwendigkeit, sondern ein Akt der Verantwortung gegen\u00fcber dir selbst und der Bergwelt \u2013 damit jeder Tag auf dem Weg zu einem Erlebnis reiner Sch\u00f6nheit wird.<\/p>\n<p>[\/vc_column_text][\/vc_column_inner][vc_column_inner el_class=&#8220;blocco_immagine&#8220; width=&#8220;1\/2&#8243; css=&#8220;.vc_custom_1771774475824{background-image: url(https:\/\/sicai.webmapp.it\/wp-content\/uploads\/2020\/10\/0002.jpg?id=482) !important;background-position: center !important;background-repeat: no-repeat !important;background-size: cover !important;}&#8220;][\/vc_column_inner][\/vc_row_inner][\/vc_column][\/vc_row][vc_row][vc_column css=&#8220;.vc_custom_1771766274745{margin-top: 50px !important;margin-bottom: 50px !important;}&#8220;][ts_child_pages][\/vc_column][\/vc_row]<\/p>\n","protected":false},"excerpt":{"rendered":"<p>[vc_row full_width=&#8220;stretch_row_content&#8220; css=&#8220;.vc_custom_1636759294827{margin-top: 30px !important;}&#8220;][vc_column][vc_row_inner equal_height=&#8220;yes&#8220;][vc_column_inner el_class=&#8220;blocco_immagine&#8220; width=&#8220;1\/2&#8243; css=&#8220;.vc_custom_1771774353686{background-image: url(https:\/\/sicai.webmapp.it\/wp-content\/uploads\/2021\/12\/Sentiero-Italia-Leonessa_Cittareale-Foto-Enrico-Ferri-018.jpg?id=638) !important;background-position: center !important;background-repeat: no-repeat !important;background-size: cover !important;}&#8220;][\/vc_column_inner][vc_column_inner el_class=&#8220;blocco_testo&#8220; width=&#8220;1\/2&#8243;][vc_column_text] Bekleidung Die 8.000 km des Sentiero Italia CAI erfordern Vielseitigkeit. Die [&hellip;]<\/p>\n","protected":false},"author":9,"featured_media":0,"parent":1508,"menu_order":0,"comment_status":"closed","ping_status":"closed","template":"","meta":{"footnotes":""},"class_list":["post-1521","page","type-page","status-publish","hentry"],"yoast_head":"<!-- This site is optimized with the Yoast SEO plugin v26.7 - https:\/\/yoast.com\/wordpress\/plugins\/seo\/ -->\n<title>Bereit zum Aufbruch - Sentiero Italia Cai<\/title>\n<meta name=\"robots\" content=\"noindex, follow, max-snippet:-1, max-image-preview:large, max-video-preview:-1\" \/>\n<meta property=\"og:locale\" content=\"de_DE\" \/>\n<meta property=\"og:type\" content=\"article\" \/>\n<meta property=\"og:title\" content=\"Bereit zum Aufbruch - Sentiero Italia Cai\" \/>\n<meta property=\"og:description\" content=\"[vc_row full_width=&#8220;stretch_row_content&#8220; css=&#8220;.vc_custom_1636759294827{margin-top: 30px !important;}&#8220;][vc_column][vc_row_inner equal_height=&#8220;yes&#8220;][vc_column_inner el_class=&#8220;blocco_immagine&#8220; width=&#8220;1\/2&#8243; css=&#8220;.vc_custom_1771774353686{background-image: url(https:\/\/sicai.webmapp.it\/wp-content\/uploads\/2021\/12\/Sentiero-Italia-Leonessa_Cittareale-Foto-Enrico-Ferri-018.jpg?id=638) !important;background-position: center !important;background-repeat: no-repeat !important;background-size: cover !important;}&#8220;][\/vc_column_inner][vc_column_inner el_class=&#8220;blocco_testo&#8220; width=&#8220;1\/2&#8243;][vc_column_text] Bekleidung Die 8.000 km des Sentiero Italia CAI erfordern Vielseitigkeit. Die [&hellip;]\" \/>\n<meta property=\"og:url\" content=\"https:\/\/sicai.webmapp.it\/de\/plane-deine-reise\/bereit-zum-aufbruch\/\" \/>\n<meta property=\"og:site_name\" content=\"Sentiero Italia Cai\" \/>\n<meta property=\"article:publisher\" content=\"https:\/\/www.facebook.com\/sentieroitaliacai\" \/>\n<meta property=\"article:modified_time\" content=\"2026-02-22T15:44:45+00:00\" \/>\n<meta name=\"twitter:card\" content=\"summary_large_image\" \/>\n<meta name=\"twitter:label1\" content=\"Gesch\u00e4tzte Lesezeit\" \/>\n\t<meta name=\"twitter:data1\" content=\"2\u00a0Minuten\" \/>\n<script type=\"application\/ld+json\" class=\"yoast-schema-graph\">{\"@context\":\"https:\/\/schema.org\",\"@graph\":[{\"@type\":\"WebPage\",\"@id\":\"https:\/\/sicai.webmapp.it\/de\/plane-deine-reise\/bereit-zum-aufbruch\/\",\"url\":\"https:\/\/sicai.webmapp.it\/de\/plane-deine-reise\/bereit-zum-aufbruch\/\",\"name\":\"Bereit zum Aufbruch - Sentiero Italia Cai\",\"isPartOf\":{\"@id\":\"https:\/\/sicai.webmapp.it\/#website\"},\"datePublished\":\"2026-02-22T15:36:21+00:00\",\"dateModified\":\"2026-02-22T15:44:45+00:00\",\"breadcrumb\":{\"@id\":\"https:\/\/sicai.webmapp.it\/de\/plane-deine-reise\/bereit-zum-aufbruch\/#breadcrumb\"},\"inLanguage\":\"de\",\"potentialAction\":[{\"@type\":\"ReadAction\",\"target\":[\"https:\/\/sicai.webmapp.it\/de\/plane-deine-reise\/bereit-zum-aufbruch\/\"]}]},{\"@type\":\"BreadcrumbList\",\"@id\":\"https:\/\/sicai.webmapp.it\/de\/plane-deine-reise\/bereit-zum-aufbruch\/#breadcrumb\",\"itemListElement\":[{\"@type\":\"ListItem\",\"position\":1,\"name\":\"Home\",\"item\":\"https:\/\/sicai.webmapp.it\/de\/\"},{\"@type\":\"ListItem\",\"position\":2,\"name\":\"Plane deine Reise\",\"item\":\"https:\/\/sicai.webmapp.it\/de\/plane-deine-reise\/\"},{\"@type\":\"ListItem\",\"position\":3,\"name\":\"Bereit zum Aufbruch\"}]},{\"@type\":\"WebSite\",\"@id\":\"https:\/\/sicai.webmapp.it\/#website\",\"url\":\"https:\/\/sicai.webmapp.it\/\",\"name\":\"Sentiero Italia Cai\",\"description\":\"\",\"publisher\":{\"@id\":\"https:\/\/sicai.webmapp.it\/#organization\"},\"potentialAction\":[{\"@type\":\"SearchAction\",\"target\":{\"@type\":\"EntryPoint\",\"urlTemplate\":\"https:\/\/sicai.webmapp.it\/?s={search_term_string}\"},\"query-input\":{\"@type\":\"PropertyValueSpecification\",\"valueRequired\":true,\"valueName\":\"search_term_string\"}}],\"inLanguage\":\"de\"},{\"@type\":\"Organization\",\"@id\":\"https:\/\/sicai.webmapp.it\/#organization\",\"name\":\"Sentiero Italia Cai\",\"url\":\"https:\/\/sicai.webmapp.it\/\",\"logo\":{\"@type\":\"ImageObject\",\"inLanguage\":\"de\",\"@id\":\"https:\/\/sicai.webmapp.it\/#\/schema\/logo\/image\/\",\"url\":\"https:\/\/sicai.webmapp.it\/wp-content\/uploads\/2021\/09\/cropped-logo-sito.png\",\"contentUrl\":\"https:\/\/sicai.webmapp.it\/wp-content\/uploads\/2021\/09\/cropped-logo-sito.png\",\"width\":512,\"height\":512,\"caption\":\"Sentiero Italia Cai\"},\"image\":{\"@id\":\"https:\/\/sicai.webmapp.it\/#\/schema\/logo\/image\/\"},\"sameAs\":[\"https:\/\/www.facebook.com\/sentieroitaliacai\",\"https:\/\/www.instagram.com\/sentieroitaliacai\/\",\"https:\/\/youtube.com\/c\/SentieroItaliaCAI\"]}]}<\/script>\n<!-- \/ Yoast SEO plugin. -->","yoast_head_json":{"title":"Bereit zum Aufbruch - Sentiero Italia Cai","robots":{"index":"noindex","follow":"follow","max-snippet":"max-snippet:-1","max-image-preview":"max-image-preview:large","max-video-preview":"max-video-preview:-1"},"og_locale":"de_DE","og_type":"article","og_title":"Bereit zum Aufbruch - Sentiero Italia Cai","og_description":"[vc_row full_width=&#8220;stretch_row_content&#8220; css=&#8220;.vc_custom_1636759294827{margin-top: 30px !important;}&#8220;][vc_column][vc_row_inner equal_height=&#8220;yes&#8220;][vc_column_inner el_class=&#8220;blocco_immagine&#8220; width=&#8220;1\/2&#8243; css=&#8220;.vc_custom_1771774353686{background-image: url(https:\/\/sicai.webmapp.it\/wp-content\/uploads\/2021\/12\/Sentiero-Italia-Leonessa_Cittareale-Foto-Enrico-Ferri-018.jpg?id=638) !important;background-position: center !important;background-repeat: no-repeat !important;background-size: cover !important;}&#8220;][\/vc_column_inner][vc_column_inner el_class=&#8220;blocco_testo&#8220; width=&#8220;1\/2&#8243;][vc_column_text] Bekleidung Die 8.000 km des Sentiero Italia CAI erfordern Vielseitigkeit. Die [&hellip;]","og_url":"https:\/\/sicai.webmapp.it\/de\/plane-deine-reise\/bereit-zum-aufbruch\/","og_site_name":"Sentiero Italia Cai","article_publisher":"https:\/\/www.facebook.com\/sentieroitaliacai","article_modified_time":"2026-02-22T15:44:45+00:00","twitter_card":"summary_large_image","twitter_misc":{"Gesch\u00e4tzte Lesezeit":"2\u00a0Minuten"},"schema":{"@context":"https:\/\/schema.org","@graph":[{"@type":"WebPage","@id":"https:\/\/sicai.webmapp.it\/de\/plane-deine-reise\/bereit-zum-aufbruch\/","url":"https:\/\/sicai.webmapp.it\/de\/plane-deine-reise\/bereit-zum-aufbruch\/","name":"Bereit zum Aufbruch - Sentiero Italia Cai","isPartOf":{"@id":"https:\/\/sicai.webmapp.it\/#website"},"datePublished":"2026-02-22T15:36:21+00:00","dateModified":"2026-02-22T15:44:45+00:00","breadcrumb":{"@id":"https:\/\/sicai.webmapp.it\/de\/plane-deine-reise\/bereit-zum-aufbruch\/#breadcrumb"},"inLanguage":"de","potentialAction":[{"@type":"ReadAction","target":["https:\/\/sicai.webmapp.it\/de\/plane-deine-reise\/bereit-zum-aufbruch\/"]}]},{"@type":"BreadcrumbList","@id":"https:\/\/sicai.webmapp.it\/de\/plane-deine-reise\/bereit-zum-aufbruch\/#breadcrumb","itemListElement":[{"@type":"ListItem","position":1,"name":"Home","item":"https:\/\/sicai.webmapp.it\/de\/"},{"@type":"ListItem","position":2,"name":"Plane deine Reise","item":"https:\/\/sicai.webmapp.it\/de\/plane-deine-reise\/"},{"@type":"ListItem","position":3,"name":"Bereit zum Aufbruch"}]},{"@type":"WebSite","@id":"https:\/\/sicai.webmapp.it\/#website","url":"https:\/\/sicai.webmapp.it\/","name":"Sentiero Italia Cai","description":"","publisher":{"@id":"https:\/\/sicai.webmapp.it\/#organization"},"potentialAction":[{"@type":"SearchAction","target":{"@type":"EntryPoint","urlTemplate":"https:\/\/sicai.webmapp.it\/?s={search_term_string}"},"query-input":{"@type":"PropertyValueSpecification","valueRequired":true,"valueName":"search_term_string"}}],"inLanguage":"de"},{"@type":"Organization","@id":"https:\/\/sicai.webmapp.it\/#organization","name":"Sentiero Italia Cai","url":"https:\/\/sicai.webmapp.it\/","logo":{"@type":"ImageObject","inLanguage":"de","@id":"https:\/\/sicai.webmapp.it\/#\/schema\/logo\/image\/","url":"https:\/\/sicai.webmapp.it\/wp-content\/uploads\/2021\/09\/cropped-logo-sito.png","contentUrl":"https:\/\/sicai.webmapp.it\/wp-content\/uploads\/2021\/09\/cropped-logo-sito.png","width":512,"height":512,"caption":"Sentiero Italia Cai"},"image":{"@id":"https:\/\/sicai.webmapp.it\/#\/schema\/logo\/image\/"},"sameAs":["https:\/\/www.facebook.com\/sentieroitaliacai","https:\/\/www.instagram.com\/sentieroitaliacai\/","https:\/\/youtube.com\/c\/SentieroItaliaCAI"]}]}},"_links":{"self":[{"href":"https:\/\/sicai.webmapp.it\/de\/wp-json\/wp\/v2\/pages\/1521","targetHints":{"allow":["GET"]}}],"collection":[{"href":"https:\/\/sicai.webmapp.it\/de\/wp-json\/wp\/v2\/pages"}],"about":[{"href":"https:\/\/sicai.webmapp.it\/de\/wp-json\/wp\/v2\/types\/page"}],"author":[{"embeddable":true,"href":"https:\/\/sicai.webmapp.it\/de\/wp-json\/wp\/v2\/users\/9"}],"replies":[{"embeddable":true,"href":"https:\/\/sicai.webmapp.it\/de\/wp-json\/wp\/v2\/comments?post=1521"}],"version-history":[{"count":2,"href":"https:\/\/sicai.webmapp.it\/de\/wp-json\/wp\/v2\/pages\/1521\/revisions"}],"predecessor-version":[{"id":1525,"href":"https:\/\/sicai.webmapp.it\/de\/wp-json\/wp\/v2\/pages\/1521\/revisions\/1525"}],"up":[{"embeddable":true,"href":"https:\/\/sicai.webmapp.it\/de\/wp-json\/wp\/v2\/pages\/1508"}],"wp:attachment":[{"href":"https:\/\/sicai.webmapp.it\/de\/wp-json\/wp\/v2\/media?parent=1521"}],"curies":[{"name":"wp","href":"https:\/\/api.w.org\/{rel}","templated":true}]}}