{"id":1622,"date":"2026-02-24T10:05:25","date_gmt":"2026-02-24T09:05:25","guid":{"rendered":"https:\/\/sicai.webmapp.it\/nachrichten-und-bordtagebuch\/premio-ambasciatori-sicai\/"},"modified":"2026-02-24T10:07:57","modified_gmt":"2026-02-24T09:07:57","slug":"sicai-botschafterpreis","status":"publish","type":"page","link":"https:\/\/sicai.webmapp.it\/de\/nachrichten-und-bordtagebuch\/sicai-botschafterpreis\/","title":{"rendered":"SICAI-Botschafterpreis"},"content":{"rendered":"<p>[vc_row full_width=&#8220;stretch_row_content&#8220; css=&#8220;.vc_custom_1636759294827{margin-top: 30px !important;}&#8220;][vc_column][vc_row_inner equal_height=&#8220;yes&#8220;][vc_column_inner el_class=&#8220;blocco_immagine&#8220; width=&#8220;1\/2&#8243; css=&#8220;.vc_custom_1642246355316{background-image: url(https:\/\/sicai.webmapp.it\/wp-content\/uploads\/2021\/12\/bg_pa.jpg?id=678) !important;background-position: center !important;background-repeat: no-repeat !important;background-size: cover !important;}&#8220;][\/vc_column_inner][vc_column_inner el_class=&#8220;blocco_testo&#8220; width=&#8220;1\/2&#8243;][vc_column_text]<\/p>\n<p class=\"p1\">Der Preis w\u00fcrdigt das Engagement von Wanderern und Radwanderern bei der F\u00f6rderung des Weges durch ethische und nachhaltige Praktiken. Die Auszeichnung richtet sich an jene, die bedeutende Abschnitte zur\u00fccklegen (mindestens 100 km zu Fu\u00df oder 300 km mit dem Fahrrad) und dabei Umweltschutz sowie eine tiefe Verbundenheit mit dem Gebiet dokumentieren.<\/p>\n<p class=\"p1\">Die Kategorien zeichnen Nachhaltigkeit und Zero-Waste-Praktiken, soziale Inklusion, dokumentarische Qualit\u00e4t sowie das Engagement junger Menschen (unter 25) aus, mit einer speziellen Sektion f\u00fcr das Radwandern. F\u00fcr die Bewerbung ist die Einreichung eines Dossiers (GPS-Track, Tagebuch, Fotos und Videos) bis zum 30. April erforderlich.<\/p>\n<p class=\"p1\">Die Preisverleihung findet j\u00e4hrlich am 21. Juni, dem Nationalen SICAI-Tag, statt. Dabei werden die Gewinner gefeiert und mit technischer Ausr\u00fcstung ausgezeichnet. Eine W\u00fcrdigung all jener, die die Berge bewusst erleben und zu aktiven Botschaftern dieses gemeinsamen Erbes werden.<\/p>\n<p>[\/vc_column_text][\/vc_column_inner][\/vc_row_inner][\/vc_column][\/vc_row][vc_row][vc_column css=&#8220;.vc_custom_1771766274745{margin-top: 50px !important;margin-bottom: 50px !important;}&#8220;][ts_child_pages][\/vc_column][\/vc_row]<\/p>\n","protected":false},"excerpt":{"rendered":"<p>[vc_row full_width=&#8220;stretch_row_content&#8220; css=&#8220;.vc_custom_1636759294827{margin-top: 30px !important;}&#8220;][vc_column][vc_row_inner equal_height=&#8220;yes&#8220;][vc_column_inner el_class=&#8220;blocco_immagine&#8220; width=&#8220;1\/2&#8243; css=&#8220;.vc_custom_1642246355316{background-image: url(https:\/\/sicai.webmapp.it\/wp-content\/uploads\/2021\/12\/bg_pa.jpg?id=678) !important;background-position: center !important;background-repeat: no-repeat !important;background-size: cover !important;}&#8220;][\/vc_column_inner][vc_column_inner el_class=&#8220;blocco_testo&#8220; width=&#8220;1\/2&#8243;][vc_column_text] Der Preis w\u00fcrdigt das Engagement von Wanderern und Radwanderern bei der [&hellip;]<\/p>\n","protected":false},"author":9,"featured_media":0,"parent":1558,"menu_order":0,"comment_status":"closed","ping_status":"closed","template":"","meta":{"footnotes":""},"class_list":["post-1622","page","type-page","status-publish","hentry"],"yoast_head":"<!-- This site is optimized with the Yoast SEO plugin v26.7 - https:\/\/yoast.com\/wordpress\/plugins\/seo\/ -->\n<title>SICAI-Botschafterpreis - Sentiero Italia Cai<\/title>\n<meta name=\"robots\" content=\"noindex, follow, max-snippet:-1, max-image-preview:large, max-video-preview:-1\" \/>\n<meta property=\"og:locale\" content=\"de_DE\" \/>\n<meta property=\"og:type\" content=\"article\" \/>\n<meta property=\"og:title\" content=\"SICAI-Botschafterpreis - Sentiero Italia Cai\" \/>\n<meta property=\"og:description\" content=\"[vc_row full_width=&#8220;stretch_row_content&#8220; css=&#8220;.vc_custom_1636759294827{margin-top: 30px !important;}&#8220;][vc_column][vc_row_inner equal_height=&#8220;yes&#8220;][vc_column_inner el_class=&#8220;blocco_immagine&#8220; width=&#8220;1\/2&#8243; css=&#8220;.vc_custom_1642246355316{background-image: url(https:\/\/sicai.webmapp.it\/wp-content\/uploads\/2021\/12\/bg_pa.jpg?id=678) !important;background-position: center !important;background-repeat: no-repeat !important;background-size: cover !important;}&#8220;][\/vc_column_inner][vc_column_inner el_class=&#8220;blocco_testo&#8220; width=&#8220;1\/2&#8243;][vc_column_text] Der Preis w\u00fcrdigt das Engagement von Wanderern und Radwanderern bei der [&hellip;]\" \/>\n<meta property=\"og:url\" content=\"https:\/\/sicai.webmapp.it\/de\/nachrichten-und-bordtagebuch\/sicai-botschafterpreis\/\" \/>\n<meta property=\"og:site_name\" content=\"Sentiero Italia Cai\" \/>\n<meta property=\"article:publisher\" content=\"https:\/\/www.facebook.com\/sentieroitaliacai\" \/>\n<meta property=\"article:modified_time\" content=\"2026-02-24T09:07:57+00:00\" \/>\n<meta name=\"twitter:card\" content=\"summary_large_image\" \/>\n<meta name=\"twitter:label1\" content=\"Gesch\u00e4tzte Lesezeit\" \/>\n\t<meta name=\"twitter:data1\" content=\"1\u00a0Minute\" \/>\n<script type=\"application\/ld+json\" class=\"yoast-schema-graph\">{\"@context\":\"https:\/\/schema.org\",\"@graph\":[{\"@type\":\"WebPage\",\"@id\":\"https:\/\/sicai.webmapp.it\/de\/nachrichten-und-bordtagebuch\/sicai-botschafterpreis\/\",\"url\":\"https:\/\/sicai.webmapp.it\/de\/nachrichten-und-bordtagebuch\/sicai-botschafterpreis\/\",\"name\":\"SICAI-Botschafterpreis - Sentiero Italia Cai\",\"isPartOf\":{\"@id\":\"https:\/\/sicai.webmapp.it\/#website\"},\"datePublished\":\"2026-02-24T09:05:25+00:00\",\"dateModified\":\"2026-02-24T09:07:57+00:00\",\"breadcrumb\":{\"@id\":\"https:\/\/sicai.webmapp.it\/de\/nachrichten-und-bordtagebuch\/sicai-botschafterpreis\/#breadcrumb\"},\"inLanguage\":\"de\",\"potentialAction\":[{\"@type\":\"ReadAction\",\"target\":[\"https:\/\/sicai.webmapp.it\/de\/nachrichten-und-bordtagebuch\/sicai-botschafterpreis\/\"]}]},{\"@type\":\"BreadcrumbList\",\"@id\":\"https:\/\/sicai.webmapp.it\/de\/nachrichten-und-bordtagebuch\/sicai-botschafterpreis\/#breadcrumb\",\"itemListElement\":[{\"@type\":\"ListItem\",\"position\":1,\"name\":\"Home\",\"item\":\"https:\/\/sicai.webmapp.it\/de\/\"},{\"@type\":\"ListItem\",\"position\":2,\"name\":\"Nachrichten und Bordtagebuch\",\"item\":\"https:\/\/sicai.webmapp.it\/de\/nachrichten-und-bordtagebuch\/\"},{\"@type\":\"ListItem\",\"position\":3,\"name\":\"SICAI-Botschafterpreis\"}]},{\"@type\":\"WebSite\",\"@id\":\"https:\/\/sicai.webmapp.it\/#website\",\"url\":\"https:\/\/sicai.webmapp.it\/\",\"name\":\"Sentiero Italia Cai\",\"description\":\"\",\"publisher\":{\"@id\":\"https:\/\/sicai.webmapp.it\/#organization\"},\"potentialAction\":[{\"@type\":\"SearchAction\",\"target\":{\"@type\":\"EntryPoint\",\"urlTemplate\":\"https:\/\/sicai.webmapp.it\/?s={search_term_string}\"},\"query-input\":{\"@type\":\"PropertyValueSpecification\",\"valueRequired\":true,\"valueName\":\"search_term_string\"}}],\"inLanguage\":\"de\"},{\"@type\":\"Organization\",\"@id\":\"https:\/\/sicai.webmapp.it\/#organization\",\"name\":\"Sentiero Italia Cai\",\"url\":\"https:\/\/sicai.webmapp.it\/\",\"logo\":{\"@type\":\"ImageObject\",\"inLanguage\":\"de\",\"@id\":\"https:\/\/sicai.webmapp.it\/#\/schema\/logo\/image\/\",\"url\":\"https:\/\/sicai.webmapp.it\/wp-content\/uploads\/2021\/09\/cropped-logo-sito.png\",\"contentUrl\":\"https:\/\/sicai.webmapp.it\/wp-content\/uploads\/2021\/09\/cropped-logo-sito.png\",\"width\":512,\"height\":512,\"caption\":\"Sentiero Italia Cai\"},\"image\":{\"@id\":\"https:\/\/sicai.webmapp.it\/#\/schema\/logo\/image\/\"},\"sameAs\":[\"https:\/\/www.facebook.com\/sentieroitaliacai\",\"https:\/\/www.instagram.com\/sentieroitaliacai\/\",\"https:\/\/youtube.com\/c\/SentieroItaliaCAI\"]}]}<\/script>\n<!-- \/ Yoast SEO plugin. -->","yoast_head_json":{"title":"SICAI-Botschafterpreis - Sentiero Italia Cai","robots":{"index":"noindex","follow":"follow","max-snippet":"max-snippet:-1","max-image-preview":"max-image-preview:large","max-video-preview":"max-video-preview:-1"},"og_locale":"de_DE","og_type":"article","og_title":"SICAI-Botschafterpreis - Sentiero Italia Cai","og_description":"[vc_row full_width=&#8220;stretch_row_content&#8220; css=&#8220;.vc_custom_1636759294827{margin-top: 30px !important;}&#8220;][vc_column][vc_row_inner equal_height=&#8220;yes&#8220;][vc_column_inner el_class=&#8220;blocco_immagine&#8220; width=&#8220;1\/2&#8243; css=&#8220;.vc_custom_1642246355316{background-image: url(https:\/\/sicai.webmapp.it\/wp-content\/uploads\/2021\/12\/bg_pa.jpg?id=678) !important;background-position: center !important;background-repeat: no-repeat !important;background-size: cover !important;}&#8220;][\/vc_column_inner][vc_column_inner el_class=&#8220;blocco_testo&#8220; width=&#8220;1\/2&#8243;][vc_column_text] Der Preis w\u00fcrdigt das Engagement von Wanderern und Radwanderern bei der [&hellip;]","og_url":"https:\/\/sicai.webmapp.it\/de\/nachrichten-und-bordtagebuch\/sicai-botschafterpreis\/","og_site_name":"Sentiero Italia Cai","article_publisher":"https:\/\/www.facebook.com\/sentieroitaliacai","article_modified_time":"2026-02-24T09:07:57+00:00","twitter_card":"summary_large_image","twitter_misc":{"Gesch\u00e4tzte Lesezeit":"1\u00a0Minute"},"schema":{"@context":"https:\/\/schema.org","@graph":[{"@type":"WebPage","@id":"https:\/\/sicai.webmapp.it\/de\/nachrichten-und-bordtagebuch\/sicai-botschafterpreis\/","url":"https:\/\/sicai.webmapp.it\/de\/nachrichten-und-bordtagebuch\/sicai-botschafterpreis\/","name":"SICAI-Botschafterpreis - Sentiero Italia Cai","isPartOf":{"@id":"https:\/\/sicai.webmapp.it\/#website"},"datePublished":"2026-02-24T09:05:25+00:00","dateModified":"2026-02-24T09:07:57+00:00","breadcrumb":{"@id":"https:\/\/sicai.webmapp.it\/de\/nachrichten-und-bordtagebuch\/sicai-botschafterpreis\/#breadcrumb"},"inLanguage":"de","potentialAction":[{"@type":"ReadAction","target":["https:\/\/sicai.webmapp.it\/de\/nachrichten-und-bordtagebuch\/sicai-botschafterpreis\/"]}]},{"@type":"BreadcrumbList","@id":"https:\/\/sicai.webmapp.it\/de\/nachrichten-und-bordtagebuch\/sicai-botschafterpreis\/#breadcrumb","itemListElement":[{"@type":"ListItem","position":1,"name":"Home","item":"https:\/\/sicai.webmapp.it\/de\/"},{"@type":"ListItem","position":2,"name":"Nachrichten und Bordtagebuch","item":"https:\/\/sicai.webmapp.it\/de\/nachrichten-und-bordtagebuch\/"},{"@type":"ListItem","position":3,"name":"SICAI-Botschafterpreis"}]},{"@type":"WebSite","@id":"https:\/\/sicai.webmapp.it\/#website","url":"https:\/\/sicai.webmapp.it\/","name":"Sentiero Italia Cai","description":"","publisher":{"@id":"https:\/\/sicai.webmapp.it\/#organization"},"potentialAction":[{"@type":"SearchAction","target":{"@type":"EntryPoint","urlTemplate":"https:\/\/sicai.webmapp.it\/?s={search_term_string}"},"query-input":{"@type":"PropertyValueSpecification","valueRequired":true,"valueName":"search_term_string"}}],"inLanguage":"de"},{"@type":"Organization","@id":"https:\/\/sicai.webmapp.it\/#organization","name":"Sentiero Italia Cai","url":"https:\/\/sicai.webmapp.it\/","logo":{"@type":"ImageObject","inLanguage":"de","@id":"https:\/\/sicai.webmapp.it\/#\/schema\/logo\/image\/","url":"https:\/\/sicai.webmapp.it\/wp-content\/uploads\/2021\/09\/cropped-logo-sito.png","contentUrl":"https:\/\/sicai.webmapp.it\/wp-content\/uploads\/2021\/09\/cropped-logo-sito.png","width":512,"height":512,"caption":"Sentiero Italia Cai"},"image":{"@id":"https:\/\/sicai.webmapp.it\/#\/schema\/logo\/image\/"},"sameAs":["https:\/\/www.facebook.com\/sentieroitaliacai","https:\/\/www.instagram.com\/sentieroitaliacai\/","https:\/\/youtube.com\/c\/SentieroItaliaCAI"]}]}},"_links":{"self":[{"href":"https:\/\/sicai.webmapp.it\/de\/wp-json\/wp\/v2\/pages\/1622","targetHints":{"allow":["GET"]}}],"collection":[{"href":"https:\/\/sicai.webmapp.it\/de\/wp-json\/wp\/v2\/pages"}],"about":[{"href":"https:\/\/sicai.webmapp.it\/de\/wp-json\/wp\/v2\/types\/page"}],"author":[{"embeddable":true,"href":"https:\/\/sicai.webmapp.it\/de\/wp-json\/wp\/v2\/users\/9"}],"replies":[{"embeddable":true,"href":"https:\/\/sicai.webmapp.it\/de\/wp-json\/wp\/v2\/comments?post=1622"}],"version-history":[{"count":2,"href":"https:\/\/sicai.webmapp.it\/de\/wp-json\/wp\/v2\/pages\/1622\/revisions"}],"predecessor-version":[{"id":1626,"href":"https:\/\/sicai.webmapp.it\/de\/wp-json\/wp\/v2\/pages\/1622\/revisions\/1626"}],"up":[{"embeddable":true,"href":"https:\/\/sicai.webmapp.it\/de\/wp-json\/wp\/v2\/pages\/1558"}],"wp:attachment":[{"href":"https:\/\/sicai.webmapp.it\/de\/wp-json\/wp\/v2\/media?parent=1622"}],"curies":[{"name":"wp","href":"https:\/\/api.w.org\/{rel}","templated":true}]}}